{"id":1012,"date":"2019-10-07T15:59:04","date_gmt":"2019-10-07T15:59:04","guid":{"rendered":"https:\/\/bocafi.calanuri.com\/grups\/"},"modified":"2020-06-21T21:19:27","modified_gmt":"2020-06-21T21:19:27","slug":"grupos","status":"publish","type":"page","link":"https:\/\/bocafi.calanuri.com\/es\/grupos\/","title":{"rendered":"Grupos"},"content":{"rendered":"<p>[et_pb_section fb_built=&#8221;1&#8243; fullwidth=&#8221;on&#8221; admin_label=&#8221;Hero Section&#8221; _builder_version=&#8221;3.29.3&#8243; background_color=&#8221;#233b4e&#8221; parallax=&#8221;on&#8221; custom_margin_tablet=&#8221;&#8221; custom_margin_phone=&#8221;-140px||&#8221; custom_margin_last_edited=&#8221;on|desktop&#8221; custom_padding=&#8221;0px|0px|0px|0px&#8221;][et_pb_fullwidth_header title=&#8221;Celebraciones de grupo&#8221; header_scroll_down=&#8221;on&#8221; scroll_down_icon_color=&#8221;#ffffff&#8221; button_one_url=&#8221;https:\/\/bocafi.calanuri.com\/la-carta\/&#8221; button_two_url=&#8221;https:\/\/bocafi.calanuri.com\/reserves\/&#8221; background_overlay_color=&#8221;rgba(10,34,64,0.68)&#8221; content_max_width=&#8221;700px&#8221; admin_label=&#8221;home princ&#8221; _builder_version=&#8221;4.4.8&#8243; title_font=&#8221;|600|||||||&#8221; title_font_size=&#8221;40px&#8221; title_line_height=&#8221;1.3em&#8221; content_line_height=&#8221;1.5em&#8221; subhead_font=&#8221;Signika|600|||||||&#8221; subhead_font_size=&#8221;24px&#8221; background_image=&#8221;https:\/\/bocafi.calanuri.com\/wp-content\/uploads\/2019\/10\/foto-modul-1.jpg&#8221; parallax=&#8221;on&#8221; parallax_method=&#8221;on&#8221; custom_button_one=&#8221;on&#8221; button_one_border_radius=&#8221;0px&#8221; button_one_font=&#8221;Signika|600|||||||&#8221; button_one_icon=&#8221;%%3%%&#8221; button_one_icon_color=&#8221;#ffffff&#8221; custom_button_two=&#8221;on&#8221; button_two_text_color=&#8221;#233b4e&#8221; button_two_bg_color=&#8221;#ffffff&#8221; button_two_border_color=&#8221;rgba(0,0,0,0)&#8221; button_two_border_radius=&#8221;0px&#8221; button_two_font=&#8221;Signika|600|||||||&#8221; button_two_icon=&#8221;%%72%%&#8221; custom_padding=&#8221;||139px|||&#8221; animation_style=&#8221;zoom&#8221; animation_direction=&#8221;bottom&#8221; animation_intensity_zoom=&#8221;4%&#8221; hover_enabled=&#8221;0&#8243; title_font_size_tablet=&#8221;&#8221; title_font_size_phone=&#8221;30px&#8221; title_font_size_last_edited=&#8221;on|phone&#8221; content_font_size_tablet=&#8221;&#8221; content_font_size_phone=&#8221;14px&#8221; content_font_size_last_edited=&#8221;on|phone&#8221; subhead_font_size_tablet=&#8221;&#8221; subhead_font_size_phone=&#8221;20px&#8221; subhead_font_size_last_edited=&#8221;on|phone&#8221; z_index_tablet=&#8221;500&#8243; title_text_shadow_horizontal_length_tablet=&#8221;0px&#8221; title_text_shadow_vertical_length_tablet=&#8221;0px&#8221; title_text_shadow_blur_strength_tablet=&#8221;1px&#8221; content_text_shadow_horizontal_length_tablet=&#8221;0px&#8221; content_text_shadow_vertical_length_tablet=&#8221;0px&#8221; content_text_shadow_blur_strength_tablet=&#8221;1px&#8221; subhead_text_shadow_horizontal_length_tablet=&#8221;0px&#8221; subhead_text_shadow_vertical_length_tablet=&#8221;0px&#8221; subhead_text_shadow_blur_strength_tablet=&#8221;1px&#8221; content_link_text_shadow_horizontal_length_tablet=&#8221;0px&#8221; content_link_text_shadow_vertical_length_tablet=&#8221;0px&#8221; content_link_text_shadow_blur_strength_tablet=&#8221;1px&#8221; content_ul_text_shadow_horizontal_length_tablet=&#8221;0px&#8221; content_ul_text_shadow_vertical_length_tablet=&#8221;0px&#8221; content_ul_text_shadow_blur_strength_tablet=&#8221;1px&#8221; content_ol_text_shadow_horizontal_length_tablet=&#8221;0px&#8221; content_ol_text_shadow_vertical_length_tablet=&#8221;0px&#8221; content_ol_text_shadow_blur_strength_tablet=&#8221;1px&#8221; content_quote_text_shadow_horizontal_length_tablet=&#8221;0px&#8221; content_quote_text_shadow_vertical_length_tablet=&#8221;0px&#8221; content_quote_text_shadow_blur_strength_tablet=&#8221;1px&#8221; button_one_text_shadow_horizontal_length_tablet=&#8221;0px&#8221; button_one_text_shadow_vertical_length_tablet=&#8221;0px&#8221; button_one_text_shadow_blur_strength_tablet=&#8221;1px&#8221; button_two_text_shadow_horizontal_length_tablet=&#8221;0px&#8221; button_two_text_shadow_vertical_length_tablet=&#8221;0px&#8221; button_two_text_shadow_blur_strength_tablet=&#8221;1px&#8221; box_shadow_horizontal_tablet=&#8221;0px&#8221; box_shadow_vertical_tablet=&#8221;0px&#8221; box_shadow_blur_tablet=&#8221;40px&#8221; box_shadow_spread_tablet=&#8221;0px&#8221; box_shadow_horizontal_image_tablet=&#8221;0px&#8221; box_shadow_vertical_image_tablet=&#8221;0px&#8221; box_shadow_blur_image_tablet=&#8221;40px&#8221; box_shadow_spread_image_tablet=&#8221;0px&#8221; box_shadow_horizontal_button_one_tablet=&#8221;0px&#8221; box_shadow_vertical_button_one_tablet=&#8221;0px&#8221; box_shadow_blur_button_one_tablet=&#8221;40px&#8221; box_shadow_spread_button_one_tablet=&#8221;0px&#8221; box_shadow_horizontal_button_two_tablet=&#8221;0px&#8221; box_shadow_vertical_button_two_tablet=&#8221;0px&#8221; box_shadow_blur_button_two_tablet=&#8221;40px&#8221; box_shadow_spread_button_two_tablet=&#8221;0px&#8221; text_shadow_horizontal_length_tablet=&#8221;0px&#8221; text_shadow_vertical_length_tablet=&#8221;0px&#8221; text_shadow_blur_strength_tablet=&#8221;1px&#8221; button_one_text_color_hover=&#8221;#ffffff&#8221; button_one_border_color_hover=&#8221;#ffffff&#8221; button_one_border_radius_hover=&#8221;0px&#8221; button_one_letter_spacing_hover=&#8221;4px&#8221; button_one_bg_color_hover=&#8221;rgba(0,0,0,0)&#8221;]<\/p>\n<p>En <strong>Bocaf\u00ed d\u2019en Noguera<\/strong> <span class=\"gmail_default\" style=\"color: #0b5394;\">\u200b<\/span>encontrar\u00e1 un espacio singular para sus celebraciones y eventos. Pregunte por nuestros men\u00fas de grupo y le asesoraremos para que su encuentro sea todo un \u00e9xito. Ofrecemos el restaurante en exclusividad bajo petici\u00f3n.<\/p>\n<p>[\/et_pb_fullwidth_header][\/et_pb_section][et_pb_section fb_built=&#8221;1&#8243; _builder_version=&#8221;4.4.8&#8243; custom_padding=&#8221;20px||||false|false&#8221; hover_enabled=&#8221;0&#8243; disabled_on=&#8221;on|on|on&#8221; disabled=&#8221;on&#8221;][et_pb_row column_structure=&#8221;1_2,1_2&#8243; use_custom_gutter=&#8221;on&#8221; gutter_width=&#8221;4&#8243; make_equal=&#8221;on&#8221; _builder_version=&#8221;3.29.3&#8243; max_width=&#8221;800px&#8221; custom_margin=&#8221;||0px||false|false&#8221; custom_padding=&#8221;||0px||false|false&#8221;][et_pb_column type=&#8221;1_2&#8243; _builder_version=&#8221;3.29.3&#8243;][et_pb_image src=&#8221;https:\/\/bocafi.calanuri.com\/wp-content\/uploads\/2019\/10\/menu-50-cast-bocafi-1.jpg&#8221; show_in_lightbox=&#8221;on&#8221; use_overlay=&#8221;on&#8221; overlay_icon_color=&#8221;#0A2240&#8243; hover_overlay_color=&#8221;rgba(255,255,255,0.77)&#8221; hover_icon=&#8221;%%16%%&#8221; admin_label=&#8221;Imagen&#8221; _builder_version=&#8221;4.0.2&#8243;][\/et_pb_image][et_pb_button button_url=&#8221;https:\/\/bocafi.calanuri.com\/wp-content\/uploads\/2019\/10\/MENU-BOCAFI-CAST.pdf&#8221; url_new_window=&#8221;on&#8221; button_text=&#8221;Descargar&#8221; button_alignment=&#8221;center&#8221; _builder_version=&#8221;4.0.2&#8243; custom_button=&#8221;on&#8221; button_text_size=&#8221;17px&#8221; button_border_radius=&#8221;0px&#8221; button_font=&#8221;Signika||||||||&#8221; button_icon=&#8221;%%3%%&#8221; background_layout=&#8221;dark&#8221;][\/et_pb_button][\/et_pb_column][et_pb_column type=&#8221;1_2&#8243; _builder_version=&#8221;3.29.3&#8243;][et_pb_image src=&#8221;https:\/\/bocafi.calanuri.com\/wp-content\/uploads\/2019\/10\/menu-65-cast-noguera-1.jpg&#8221; show_in_lightbox=&#8221;on&#8221; use_overlay=&#8221;on&#8221; overlay_icon_color=&#8221;#0A2240&#8243; hover_overlay_color=&#8221;rgba(255,255,255,0.77)&#8221; hover_icon=&#8221;%%16%%&#8221; _builder_version=&#8221;4.0.2&#8243;][\/et_pb_image][et_pb_button button_url=&#8221;https:\/\/bocafi.calanuri.com\/wp-content\/uploads\/2019\/10\/MENU-NOGUERA-CAST.pdf&#8221; url_new_window=&#8221;on&#8221; button_text=&#8221;Descargar&#8221; button_alignment=&#8221;center&#8221; _builder_version=&#8221;4.0.2&#8243; custom_button=&#8221;on&#8221; button_text_size=&#8221;17px&#8221; button_border_radius=&#8221;0px&#8221; button_font=&#8221;Signika||||||||&#8221; button_icon=&#8221;%%3%%&#8221; background_layout=&#8221;dark&#8221;][\/et_pb_button][\/et_pb_column][\/et_pb_row][\/et_pb_section][et_pb_section fb_built=&#8221;1&#8243; _builder_version=&#8221;3.29.3&#8243; background_image=&#8221;https:\/\/bocafi.calanuri.com\/wp-content\/uploads\/2019\/10\/restaurant-bocafi-grups-plat.jpg&#8221; custom_margin=&#8221;0px||0px||false|false&#8221; custom_padding=&#8221;0px||0px||false|false&#8221;][et_pb_row column_structure=&#8221;2_5,3_5&#8243; _builder_version=&#8221;3.29.3&#8243; custom_margin=&#8221;0px||0px||false|false&#8221; custom_padding=&#8221;0px||0px||false|false&#8221;][et_pb_column type=&#8221;2_5&#8243; _builder_version=&#8221;3.29.3&#8243; background_color=&#8221;rgba(10,34,64,0.74)&#8221; custom_padding=&#8221;25px|25px|25px|25px|false|false&#8221;][et_pb_text _builder_version=&#8221;4.4.8&#8243; link_text_color=&#8221;rgba(255,255,255,0.67)&#8221; header_3_font_size=&#8221;30px&#8221; background_layout=&#8221;dark&#8221; custom_padding=&#8221;50px||50px||false|false&#8221; hover_enabled=&#8221;0&#8243;]<\/p>\n<h3>Servicio personalizado<\/h3>\n<p>P\u00eddanos m\u00e1s informaci\u00f3n sobre nuestros men\u00fas de grupo llamando al 678 319 234 o enviando un correo a <a href=\"mailto:grups@calanuri.com\">grups@calanuri.com<\/a>. Le daremos todos los detalles y adaptaremos una propuesta a su gusto.<\/p>\n<p>[\/et_pb_text][\/et_pb_column][et_pb_column type=&#8221;3_5&#8243; _builder_version=&#8221;3.29.3&#8243;][\/et_pb_column][\/et_pb_row][\/et_pb_section][et_pb_section fb_built=&#8221;1&#8243; _builder_version=&#8221;3.29.3&#8243; background_image=&#8221;https:\/\/bocafi.calanuri.com\/wp-content\/uploads\/2019\/10\/foto-modul-3-bocafi-taula.jpg&#8221; background_position=&#8221;bottom_left&#8221; custom_margin=&#8221;0px||0px||false|false&#8221; custom_padding=&#8221;0px||0px||false|false&#8221;][et_pb_row column_structure=&#8221;3_5,2_5&#8243; _builder_version=&#8221;3.29.3&#8243; custom_margin=&#8221;0px||0px||false|false&#8221; custom_padding=&#8221;0px||0px||false|false&#8221;][et_pb_column type=&#8221;3_5&#8243; _builder_version=&#8221;3.29.3&#8243; background_enable_color=&#8221;off&#8221; custom_padding=&#8221;25px|25px|25px|25px|false|false&#8221;][\/et_pb_column][et_pb_column type=&#8221;2_5&#8243; _builder_version=&#8221;3.29.3&#8243; background_color=&#8221;rgba(10,34,64,0.74)&#8221;][et_pb_text _builder_version=&#8221;3.29.3&#8243; link_text_color=&#8221;rgba(255,255,255,0.67)&#8221; header_3_font_size=&#8221;30px&#8221; background_layout=&#8221;dark&#8221; custom_margin=&#8221;80px|25px|80px|25px|false|false&#8221; custom_padding=&#8221;50px||50px||false|false&#8221;]<\/p>\n<h3>El sal\u00f3n<\/h3>\n<p>Disfrute de nuestro sal\u00f3n donde encontrar\u00e1 un \u00fanico ambiente, relajado y elegante para celebrar eventos tanto familiares como profesionales. Ofrecemos el restaurante en exclusividad bajo demanda.<\/p>\n<p>[\/et_pb_text][\/et_pb_column][\/et_pb_row][\/et_pb_section][et_pb_section fb_built=&#8221;1&#8243; _builder_version=&#8221;3.29.3&#8243; custom_padding=&#8221;1px|||||&#8221;][et_pb_row column_structure=&#8221;1_3,1_3,1_3&#8243; _builder_version=&#8221;3.29.3&#8243; custom_margin=&#8221;18px|auto||auto||&#8221; custom_padding=&#8221;37px|||||&#8221;][et_pb_column type=&#8221;1_3&#8243; _builder_version=&#8221;3.29.3&#8243;][et_pb_image src=&#8221;https:\/\/bocafi.calanuri.com\/wp-content\/uploads\/2019\/10\/restaurant-bocafi-grups-footer-1.jpg&#8221; align=&#8221;center&#8221; _builder_version=&#8221;3.29.3&#8243; animation_style=&#8221;zoom&#8221;][\/et_pb_image][\/et_pb_column][et_pb_column type=&#8221;1_3&#8243; _builder_version=&#8221;3.29.3&#8243;][et_pb_image src=&#8221;https:\/\/bocafi.calanuri.com\/wp-content\/uploads\/2019\/10\/restaurant-bocafi-grups-footer-2.jpg&#8221; align=&#8221;center&#8221; _builder_version=&#8221;3.29.3&#8243; animation_style=&#8221;zoom&#8221;][\/et_pb_image][\/et_pb_column][et_pb_column type=&#8221;1_3&#8243; _builder_version=&#8221;3.29.3&#8243;][et_pb_image src=&#8221;https:\/\/bocafi.calanuri.com\/wp-content\/uploads\/2019\/10\/restaurant-bocafi-grups-footer-3.jpg&#8221; align=&#8221;center&#8221; _builder_version=&#8221;3.29.3&#8243; animation_style=&#8221;zoom&#8221;][\/et_pb_image][\/et_pb_column][\/et_pb_row][\/et_pb_section]<\/p>\n","protected":false},"excerpt":{"rendered":"<p>[et_pb_section fb_built=&#8221;1&#8243; fullwidth=&#8221;on&#8221; admin_label=&#8221;Hero Section&#8221; _builder_version=&#8221;3.29.3&#8243; background_color=&#8221;#233b4e&#8221; parallax=&#8221;on&#8221; custom_margin_tablet=&#8221;&#8221; custom_margin_phone=&#8221;-140px||&#8221; custom_margin_last_edited=&#8221;on|desktop&#8221; custom_padding=&#8221;0px|0px|0px|0px&#8221;][et_pb_fullwidth_header title=&#8221;Celebraciones de grupo&#8221; header_scroll_down=&#8221;on&#8221; scroll_down_icon_color=&#8221;#ffffff&#8221; button_one_url=&#8221;https:\/\/bocafi.calanuri.com\/la-carta\/&#8221; button_two_url=&#8221;https:\/\/bocafi.calanuri.com\/reserves\/&#8221; background_overlay_color=&#8221;rgba(10,34,64,0.68)&#8221; content_max_width=&#8221;700px&#8221; admin_label=&#8221;home princ&#8221; _builder_version=&#8221;4.4.8&#8243; title_font=&#8221;|600|||||||&#8221; title_font_size=&#8221;40px&#8221; title_line_height=&#8221;1.3em&#8221; content_line_height=&#8221;1.5em&#8221; subhead_font=&#8221;Signika|600|||||||&#8221; subhead_font_size=&#8221;24px&#8221; background_image=&#8221;https:\/\/bocafi.calanuri.com\/wp-content\/uploads\/2019\/10\/foto-modul-1.jpg&#8221; parallax=&#8221;on&#8221; parallax_method=&#8221;on&#8221; custom_button_one=&#8221;on&#8221; button_one_border_radius=&#8221;0px&#8221; button_one_font=&#8221;Signika|600|||||||&#8221; button_one_icon=&#8221;%%3%%&#8221; button_one_icon_color=&#8221;#ffffff&#8221; custom_button_two=&#8221;on&#8221; button_two_text_color=&#8221;#233b4e&#8221; button_two_bg_color=&#8221;#ffffff&#8221; button_two_border_color=&#8221;rgba(0,0,0,0)&#8221; button_two_border_radius=&#8221;0px&#8221; button_two_font=&#8221;Signika|600|||||||&#8221; button_two_icon=&#8221;%%72%%&#8221; custom_padding=&#8221;||139px|||&#8221; animation_style=&#8221;zoom&#8221; animation_direction=&#8221;bottom&#8221; animation_intensity_zoom=&#8221;4%&#8221; hover_enabled=&#8221;0&#8243; title_font_size_tablet=&#8221;&#8221; title_font_size_phone=&#8221;30px&#8221; title_font_size_last_edited=&#8221;on|phone&#8221; content_font_size_tablet=&#8221;&#8221; content_font_size_phone=&#8221;14px&#8221; [&hellip;]<\/p>\n","protected":false},"author":1,"featured_media":0,"parent":0,"menu_order":0,"comment_status":"closed","ping_status":"closed","template":"","meta":{"_et_pb_use_builder":"on","_et_pb_old_content":"","_et_gb_content_width":""},"yoast_head":"<!-- This site is optimized with the Yoast SEO plugin v15.4 - https:\/\/yoast.com\/wordpress\/plugins\/seo\/ -->\n<title>Grupos - Restaurant Bocaf\u00ed d&#039;en Noguera<\/title>\n<meta name=\"robots\" content=\"noindex, follow, max-snippet:-1, max-image-preview:large, max-video-preview:-1\" \/>\n<meta property=\"og:locale\" content=\"es_ES\" \/>\n<meta property=\"og:type\" content=\"article\" \/>\n<meta property=\"og:title\" content=\"Grupos - Restaurant Bocaf\u00ed d&#039;en Noguera\" \/>\n<meta property=\"og:description\" content=\"[et_pb_section fb_built=&#8221;1&#8243; fullwidth=&#8221;on&#8221; admin_label=&#8221;Hero Section&#8221; _builder_version=&#8221;3.29.3&#8243; background_color=&#8221;#233b4e&#8221; parallax=&#8221;on&#8221; custom_margin_tablet=&#8221;&#8221; custom_margin_phone=&#8221;-140px||&#8221; custom_margin_last_edited=&#8221;on|desktop&#8221; custom_padding=&#8221;0px|0px|0px|0px&#8221;][et_pb_fullwidth_header title=&#8221;Celebraciones de grupo&#8221; header_scroll_down=&#8221;on&#8221; scroll_down_icon_color=&#8221;#ffffff&#8221; button_one_url=&#8221;https:\/\/bocafi.calanuri.com\/la-carta\/&#8221; button_two_url=&#8221;https:\/\/bocafi.calanuri.com\/reserves\/&#8221; background_overlay_color=&#8221;rgba(10,34,64,0.68)&#8221; content_max_width=&#8221;700px&#8221; admin_label=&#8221;home princ&#8221; _builder_version=&#8221;4.4.8&#8243; title_font=&#8221;|600|||||||&#8221; title_font_size=&#8221;40px&#8221; title_line_height=&#8221;1.3em&#8221; content_line_height=&#8221;1.5em&#8221; subhead_font=&#8221;Signika|600|||||||&#8221; subhead_font_size=&#8221;24px&#8221; background_image=&#8221;https:\/\/bocafi.calanuri.com\/wp-content\/uploads\/2019\/10\/foto-modul-1.jpg&#8221; parallax=&#8221;on&#8221; parallax_method=&#8221;on&#8221; custom_button_one=&#8221;on&#8221; button_one_border_radius=&#8221;0px&#8221; button_one_font=&#8221;Signika|600|||||||&#8221; button_one_icon=&#8221;&#8221; button_one_icon_color=&#8221;#ffffff&#8221; custom_button_two=&#8221;on&#8221; button_two_text_color=&#8221;#233b4e&#8221; button_two_bg_color=&#8221;#ffffff&#8221; button_two_border_color=&#8221;rgba(0,0,0,0)&#8221; button_two_border_radius=&#8221;0px&#8221; button_two_font=&#8221;Signika|600|||||||&#8221; button_two_icon=&#8221;&#8221; custom_padding=&#8221;||139px|||&#8221; animation_style=&#8221;zoom&#8221; animation_direction=&#8221;bottom&#8221; animation_intensity_zoom=&#8221;4%&#8221; hover_enabled=&#8221;0&#8243; title_font_size_tablet=&#8221;&#8221; title_font_size_phone=&#8221;30px&#8221; title_font_size_last_edited=&#8221;on|phone&#8221; content_font_size_tablet=&#8221;&#8221; content_font_size_phone=&#8221;14px&#8221; [&hellip;]\" \/>\n<meta property=\"og:url\" content=\"https:\/\/bocafi.calanuri.com\/es\/grupos\/\" \/>\n<meta property=\"og:site_name\" content=\"Restaurant Bocaf\u00ed d&#039;en Noguera\" \/>\n<meta property=\"article:modified_time\" content=\"2020-06-21T21:19:27+00:00\" \/>\n<meta name=\"twitter:card\" content=\"summary_large_image\" \/>\n<meta name=\"twitter:label1\" content=\"Escrito por\">\n\t<meta name=\"twitter:data1\" content=\"admin\">\n\t<meta name=\"twitter:label2\" content=\"Tiempo de lectura\">\n\t<meta name=\"twitter:data2\" content=\"5 minutos\">\n<script type=\"application\/ld+json\" class=\"yoast-schema-graph\">{\"@context\":\"https:\/\/schema.org\",\"@graph\":[{\"@type\":\"WebSite\",\"@id\":\"https:\/\/bocafi.calanuri.com\/es\/#website\",\"url\":\"https:\/\/bocafi.calanuri.com\/es\/\",\"name\":\"Restaurant Bocaf\\u00ed d&#039;en Noguera\",\"description\":\"Grup Ca la Nuri\",\"potentialAction\":[{\"@type\":\"SearchAction\",\"target\":\"https:\/\/bocafi.calanuri.com\/es\/?s={search_term_string}\",\"query-input\":\"required name=search_term_string\"}],\"inLanguage\":\"es\"},{\"@type\":\"WebPage\",\"@id\":\"https:\/\/bocafi.calanuri.com\/es\/grupos\/#webpage\",\"url\":\"https:\/\/bocafi.calanuri.com\/es\/grupos\/\",\"name\":\"Grupos - Restaurant Bocaf\\u00ed d&#039;en Noguera\",\"isPartOf\":{\"@id\":\"https:\/\/bocafi.calanuri.com\/es\/#website\"},\"datePublished\":\"2019-10-07T15:59:04+00:00\",\"dateModified\":\"2020-06-21T21:19:27+00:00\",\"inLanguage\":\"es\",\"potentialAction\":[{\"@type\":\"ReadAction\",\"target\":[\"https:\/\/bocafi.calanuri.com\/es\/grupos\/\"]}]}]}<\/script>\n<!-- \/ Yoast SEO plugin. -->","_links":{"self":[{"href":"https:\/\/bocafi.calanuri.com\/es\/wp-json\/wp\/v2\/pages\/1012"}],"collection":[{"href":"https:\/\/bocafi.calanuri.com\/es\/wp-json\/wp\/v2\/pages"}],"about":[{"href":"https:\/\/bocafi.calanuri.com\/es\/wp-json\/wp\/v2\/types\/page"}],"author":[{"embeddable":true,"href":"https:\/\/bocafi.calanuri.com\/es\/wp-json\/wp\/v2\/users\/1"}],"replies":[{"embeddable":true,"href":"https:\/\/bocafi.calanuri.com\/es\/wp-json\/wp\/v2\/comments?post=1012"}],"version-history":[{"count":5,"href":"https:\/\/bocafi.calanuri.com\/es\/wp-json\/wp\/v2\/pages\/1012\/revisions"}],"predecessor-version":[{"id":1535,"href":"https:\/\/bocafi.calanuri.com\/es\/wp-json\/wp\/v2\/pages\/1012\/revisions\/1535"}],"wp:attachment":[{"href":"https:\/\/bocafi.calanuri.com\/es\/wp-json\/wp\/v2\/media?parent=1012"}],"curies":[{"name":"wp","href":"https:\/\/api.w.org\/{rel}","templated":true}]}}