{"id":1167,"date":"2020-01-31T10:47:14","date_gmt":"2020-01-31T10:47:14","guid":{"rendered":"https:\/\/bocafi.calanuri.com\/politica-de-privacidad\/"},"modified":"2020-02-03T09:30:26","modified_gmt":"2020-02-03T09:30:26","slug":"politica-de-privacidad","status":"publish","type":"page","link":"https:\/\/bocafi.calanuri.com\/es\/politica-de-privacidad\/","title":{"rendered":"Pol\u00edtica de Privacidad"},"content":{"rendered":"<p>Por raz\u00f3n de la actividad que desarrollamos, y a fin de poder atender a las solicitudes de los formularios dispuestos en la p\u00e1gina web www.bocafi.calanuri.com, as\u00ed como para dar respuesta a los correos electr\u00f3nicos enviados a las direcciones de e-mail facilitadas en la presente p\u00e1gina web, se pueden tratar datos de car\u00e1cter personal.<\/p>\n<p>En los siguientes apartados damos respuesta a algunas de las preguntas que pueden surgir en relaci\u00f3n a c\u00f3mo se tratan dichos datos, y a cu\u00e1les son los compromisos que asumimos a la hora de acceder, almacenar y disponer de la informaci\u00f3n que eventualmente pueda recabarse.<\/p>\n<p><strong>\u00bfQu\u00e9 normativa aplicamos cuando gestionamos sus datos personales para prestarte nuestros servicios?<\/strong><\/p>\n<p>A estos efectos, nuestra actividad se rige por el com\u00fanmente conocido como Reglamento General de Protecci\u00f3n de Datos (RGPD), que es el Reglamento (UE) 2016\/679 del Parlamento y del Consejo, de 27 de abril de 2016, relativo a la protecci\u00f3n de las personas f\u00edsicas en lo que respecta al tratamiento de datos personales y a la libre circulaci\u00f3n de estos datos y por el que se deroga la Directiva 95\/46\/CE; \u00a0la Ley Org\u00e1nica 3\/2018, de 5 de diciembre, de Protecci\u00f3n de Datos Personales y garant\u00eda de los derechos digitales, y dem\u00e1s normativa nacional que sea de aplicaci\u00f3n.<\/p>\n<p><strong>\u00bfC\u00f3mo puedo contactar con el responsable del tratamiento de los datos personales?<\/strong><\/p>\n<p>El responsable del tratamiento es la mercantil BULEVAR AVDA. SL con CIF B67205427 y puede contactar con la misma en su domicilio social sito en Passeig Garcia Faria, 69, 08019, de Barcelona.<\/p>\n<p>Tambi\u00e9n puede contactar a trav\u00e9s de su correo electr\u00f3nico: lopd@calanuri.com<\/p>\n<p><strong>El tratamiento de sus datos<\/strong><\/p>\n<p><em>\u00bfCu\u00e1ndo y por qu\u00e9?<\/em><\/p>\n<p>Puede navegar por la mayor\u00eda de las p\u00e1ginas de xiroi.calanuri.com sin facilitar ninguna informaci\u00f3n personal, pero en algunos casos esta informaci\u00f3n puede ser necesaria para proporcionarle los servicios solicitados. En especial, a fin de poder darle respuesta a su solicitud realizada a trav\u00e9s del formulario de contacto, as\u00ed, como para gestionar las reservas que puedan ser tramitadas a trav\u00e9s del correspondiente formulario web.<\/p>\n<p><em>\u00bfQui\u00e9n recaba sus datos?<\/em><\/p>\n<p>La recogida y tratamiento de los datos de car\u00e1cter personal que nos pueda facilitar, se llevan a cabo por BULEVAR AVDA. SL, en su caso, sus encargados del tratamiento. En relaci\u00f3n a este \u00faltimo caso, estos encargados son terceros con quien BULEVAR AVDA. SL ha establecido un contrato expreso de servicios y en los que se han fijado las condiciones para que la gesti\u00f3n de los datos sea acorde a la Ley. Se exige por contrato a esos terceros que su actividad respete la legalidad e implementen las medidas de seguridad adecuadas para proteger dichos datos.<\/p>\n<p>Sus datos tambi\u00e9n podr\u00e1n ser tratados por empresas del grupo BULEVAR AVDA. SL, las cuales detallamos a continuaci\u00f3n:<\/p>\n<p>ALTID 9296 SL<\/p>\n<ul>\n<li>CIF: B67311043<\/li>\n<li>Direcci\u00f3n: c\/ Salvador Espriu 75 Local 11B<\/li>\n<\/ul>\n<p>PROMOTORA DE CROSANTERIES SL<\/p>\n<ul>\n<li>CIF: B59370104<\/li>\n<li>Direcci\u00f3: Avinguda Litoral Mar, 38, 08005, Barcelona<\/li>\n<\/ul>\n<p>LAUVID RESTAURACI\u00d3 SL<\/p>\n<ul>\n<li>Porxos del Passeig Maritim de la Barceloneta Local B<\/li>\n<li>CIF: 66700717<\/li>\n<li>Direcci\u00f3n: Porxos del Passeig Maritim de la Barceloneta, Local B<\/li>\n<\/ul>\n<p><em>\u00bfPara qu\u00e9?<\/em><\/p>\n<p>Los datos personales que le solicitamos, o que nos facilite en raz\u00f3n de tu navegaci\u00f3n, nos sirven para gestionar, prestar y mejorar los servicios que nos ha solicitado.<\/p>\n<p>Por ejemplo, trataremos datos personales para poder gestionar las solicitudes que nos env\u00ede, gestionar las reservas, prestarle los servicios ofrecidos y para enviarle, en caso de ser consentido, informaciones comerciales.<\/p>\n<p>De acuerdo con lo establecido en la Ley 34\/2002, de 11 de julio, de Servicios de la Sociedad de la Informaci\u00f3n y de Comercio Electr\u00f3nico, en su art\u00edculo 21, solicitamos tambi\u00e9n su consentimiento expreso para enviarle publicidad de nuestros productos o promociones que consideremos puedan ser de su inter\u00e9s, por correo electr\u00f3nico o por cualquier otro medio de comunicaci\u00f3n electr\u00f3nica equivalente.<\/p>\n<p>Le informamos que podr\u00e1 revocar en cualquier momento el consentimiento prestado a la recepci\u00f3n de comunicaciones comerciales enviando un e-mail a la direcci\u00f3n de correo electr\u00f3nico: lopd@calanuri.com<\/p>\n<p>En este sentido, le solicitamos un correo electr\u00f3nico cuando usa nuestros puntos de contacto en la web que activa el correo electr\u00f3nico e invita a enviar comentarios a un buz\u00f3n funcional espec\u00edfico.<\/p>\n<p>Si desea preguntar o solicitar algo en relaci\u00f3n con el tratamiento de su mensaje electr\u00f3nico y sus datos personales, no dude en hacerlo en el propio mensaje.<\/p>\n<p>Sus datos tambi\u00e9n se pueden usar para realizar la gesti\u00f3n contable, fiscal y administrativa derivada de la relaci\u00f3n contractual que pudiera derivarse.<\/p>\n<p>Mientras no nos comunique lo contrario, entenderemos que sus datos no han sido modificados, que usted se compromete a notificarnos cualquier variaci\u00f3n y que tenemos su consentimiento para utilizarlos\u00a0 para\u00a0 las finalidades mencionadas.<\/p>\n<p><strong>\u00bfC\u00f3mo tratamos sus datos?<\/strong><\/p>\n<p>BULEVAR AVDA. SL recoge exclusivamente la informaci\u00f3n personal en la medida necesaria para alcanzar un prop\u00f3sito espec\u00edfico. La informaci\u00f3n no se utilizar\u00e1 para una finalidad incompatible con la descrita.<\/p>\n<p>BULEVAR AVDA. SL solamente revela la informaci\u00f3n a terceros ajenos a los mencionados en la presente pol\u00edtica de privacidad, si es necesaria para el cumplimiento de la finalidad del servicio y \u00fanicamente a las personas que deben conocerlos, todo lo cual ser\u00e1 previamente informado al titular de los datos. Todo ello al objeto de que se pueda prestar el servicio tratando sus datos personales con confidencialidad y reserva, conforme a la legislaci\u00f3n vigente.<\/p>\n<p>De forma general, no se prev\u00e9n transferencias internacionales de sus datos, sin perjuicio de utilizar proveedores que utilicen servicios de cloudcomputing, todo lo cual ser\u00e1 previsto en el Manual de seguridad de protecci\u00f3n de datos de BULEVAR AVDA. SL Para m\u00e1s informaci\u00f3n, no dude en contactarnos.<\/p>\n<p>En todo caso, BULEVAR AVDA. SL adopta medidas de seguridad para proteger los datos contra un posible abuso o acceso no autorizado, alteraci\u00f3n o p\u00e9rdida.<\/p>\n<p><strong>\u00bfQu\u00e9 base legal tiene el tratamiento de sus datos?<\/strong><\/p>\n<p>La base legal principal es el cumplimiento de una prestaci\u00f3n de servicios, la cual se desarrollar\u00e1 conforme a los t\u00e9rminos indicadas en la misma. A este respecto, la retirada de su consentimiento no puede condicionar a dicha ejecuci\u00f3n, en tanto el contrato se mantenga vigente, siendo necesario el tratamiento de sus datos para su efectivo cumplimiento. La segunda base legal es su consentimiento expreso.<\/p>\n<p><strong>\u00bfCu\u00e1nto tiempo guardamos sus datos?<\/strong><\/p>\n<p>BULEVAR AVDA. SL solamente guarda los datos el tiempo necesario para cumplir la finalidad de su recogida o de su procesamiento posterior. Una vez concluida la relaci\u00f3n contractual, se mantendr\u00e1n durante el periodo necesario para responder a las responsabilidades legales necesarias. En concreto, se mantendr\u00e1n, de conformidad con el art\u00edculo 30 del C\u00f3digo de Comercio, durante 6 a\u00f1os.<\/p>\n<p><strong>\u00bfQu\u00e9 derechos tiene sobre sus datos personales?<\/strong><\/p>\n<p><strong>Derecho de acceso<\/strong><\/p>\n<p>Puede preguntar al centro si est\u00e1 tratando sus datos y de qu\u00e9 manera.<\/p>\n<p><strong>Derecho de rectificaci\u00f3n<\/strong><\/p>\n<p>Puede pedirnos que actualicemos sus datos personales si son incorrectos, y suprimirlos si as\u00ed lo desea.<\/p>\n<p><strong>Derecho de limitaci\u00f3n del tratamiento<\/strong><\/p>\n<p>En este caso \u00fanicamente ser\u00e1n conservados por BULEVAR AVDA. SL para el ejercicio o la defensa de reclamaciones.<\/p>\n<p><strong>Derecho de oposici\u00f3n<\/strong><\/p>\n<p>Tras su solicitud de oposici\u00f3n al tratamiento, BULEVAR AVDA. SL dejar\u00e1 de tratar los datos en la forma que indique, salvo que por motivos leg\u00edtimos imperiosos o el ejercicio o la defensa de posibles reclamaciones se tengan que seguir tratando.<\/p>\n<p><strong>Derecho a la portabilidad de los datos<\/strong><\/p>\n<p>En caso de que quiera que sus datos sean tratados por otra empresa, BULEVAR AVDA. SL facilitar\u00e1 la portabilidad de sus datos al nuevo responsable.<\/p>\n<p><strong>Derecho de supresi\u00f3n<\/strong><\/p>\n<p>Puede solicitar que eliminemos sus datos cuando ya no sean necesarios para el tratamiento, retire su consentimiento, sea un tratamiento il\u00edcito o haya una obligaci\u00f3n legal de hacerlo. Analizaremos el supuesto y aplicaremos la ley.<\/p>\n<p>Si necesita m\u00e1s informaci\u00f3n sobre qu\u00e9 derechos tiene reconocidos en la Ley y c\u00f3mo ejercerlos, le recomendamos dirigirse a la Agencia Espa\u00f1ola de Protecci\u00f3n de Datos, que es la autoridad de control en materia de protecci\u00f3n de datos, con qui\u00e9n adem\u00e1s tiene el derecho de solicitar su tutela ante una posible infracci\u00f3n de protecci\u00f3n de datos.<\/p>\n<p><strong>\u00bfSi quiero ejercitar sus derechos a qui\u00e9n se dirige?<\/strong><\/p>\n<p>Para la mejor gesti\u00f3n de su solicitud, le rogamos que nos env\u00ede lo siguiente:<\/p>\n<ul>\n<li>&#8211; Un correo electr\u00f3nico al buz\u00f3n arriba indicando con su nombre completo, junto con una copia de su DNI o similar y el derecho que desea ejercer sobre sus datos personales,<\/li>\n<li>&#8211; Una carta con la misma informaci\u00f3n en la direcci\u00f3n arriba indicada.<\/li>\n<li>&#8211; Si tiene dudas de c\u00f3mo hacerlo, tambi\u00e9n nos puede llamar.<\/li>\n<\/ul>\n<p>&nbsp;<\/p>\n","protected":false},"excerpt":{"rendered":"<p>Por raz\u00f3n de la actividad que desarrollamos, y a fin de poder atender a las solicitudes de los formularios dispuestos en la p\u00e1gina web www.bocafi.calanuri.com, as\u00ed como para dar respuesta a los correos electr\u00f3nicos enviados a las direcciones de e-mail facilitadas en la presente p\u00e1gina web, se pueden tratar datos de car\u00e1cter personal. En los [&hellip;]<\/p>\n","protected":false},"author":1,"featured_media":0,"parent":0,"menu_order":0,"comment_status":"closed","ping_status":"closed","template":"","meta":{"_et_pb_use_builder":"","_et_pb_old_content":"","_et_gb_content_width":""},"yoast_head":"<!-- This site is optimized with the Yoast SEO plugin v15.4 - https:\/\/yoast.com\/wordpress\/plugins\/seo\/ -->\n<title>Pol\u00edtica de Privacidad - Restaurant Bocaf\u00ed d&#039;en Noguera<\/title>\n<meta name=\"robots\" content=\"noindex, follow, max-snippet:-1, max-image-preview:large, max-video-preview:-1\" \/>\n<meta property=\"og:locale\" content=\"es_ES\" \/>\n<meta property=\"og:type\" content=\"article\" \/>\n<meta property=\"og:title\" content=\"Pol\u00edtica de Privacidad - Restaurant Bocaf\u00ed d&#039;en Noguera\" \/>\n<meta property=\"og:description\" content=\"Por raz\u00f3n de la actividad que desarrollamos, y a fin de poder atender a las solicitudes de los formularios dispuestos en la p\u00e1gina web www.bocafi.calanuri.com, as\u00ed como para dar respuesta a los correos electr\u00f3nicos enviados a las direcciones de e-mail facilitadas en la presente p\u00e1gina web, se pueden tratar datos de car\u00e1cter personal. En los [&hellip;]\" \/>\n<meta property=\"og:url\" content=\"https:\/\/bocafi.calanuri.com\/es\/politica-de-privacidad\/\" \/>\n<meta property=\"og:site_name\" content=\"Restaurant Bocaf\u00ed d&#039;en Noguera\" \/>\n<meta property=\"article:modified_time\" content=\"2020-02-03T09:30:26+00:00\" \/>\n<meta name=\"twitter:card\" content=\"summary_large_image\" \/>\n<meta name=\"twitter:label1\" content=\"Escrito por\">\n\t<meta name=\"twitter:data1\" content=\"admin\">\n\t<meta name=\"twitter:label2\" content=\"Tiempo de lectura\">\n\t<meta name=\"twitter:data2\" content=\"6 minutos\">\n<script type=\"application\/ld+json\" class=\"yoast-schema-graph\">{\"@context\":\"https:\/\/schema.org\",\"@graph\":[{\"@type\":\"WebSite\",\"@id\":\"https:\/\/bocafi.calanuri.com\/es\/#website\",\"url\":\"https:\/\/bocafi.calanuri.com\/es\/\",\"name\":\"Restaurant Bocaf\\u00ed d&#039;en Noguera\",\"description\":\"Grup Ca la Nuri\",\"potentialAction\":[{\"@type\":\"SearchAction\",\"target\":\"https:\/\/bocafi.calanuri.com\/es\/?s={search_term_string}\",\"query-input\":\"required name=search_term_string\"}],\"inLanguage\":\"es\"},{\"@type\":\"WebPage\",\"@id\":\"https:\/\/bocafi.calanuri.com\/es\/politica-de-privacidad\/#webpage\",\"url\":\"https:\/\/bocafi.calanuri.com\/es\/politica-de-privacidad\/\",\"name\":\"Pol\\u00edtica de Privacidad - Restaurant Bocaf\\u00ed d&#039;en Noguera\",\"isPartOf\":{\"@id\":\"https:\/\/bocafi.calanuri.com\/es\/#website\"},\"datePublished\":\"2020-01-31T10:47:14+00:00\",\"dateModified\":\"2020-02-03T09:30:26+00:00\",\"inLanguage\":\"es\",\"potentialAction\":[{\"@type\":\"ReadAction\",\"target\":[\"https:\/\/bocafi.calanuri.com\/es\/politica-de-privacidad\/\"]}]}]}<\/script>\n<!-- \/ Yoast SEO plugin. -->","_links":{"self":[{"href":"https:\/\/bocafi.calanuri.com\/es\/wp-json\/wp\/v2\/pages\/1167"}],"collection":[{"href":"https:\/\/bocafi.calanuri.com\/es\/wp-json\/wp\/v2\/pages"}],"about":[{"href":"https:\/\/bocafi.calanuri.com\/es\/wp-json\/wp\/v2\/types\/page"}],"author":[{"embeddable":true,"href":"https:\/\/bocafi.calanuri.com\/es\/wp-json\/wp\/v2\/users\/1"}],"replies":[{"embeddable":true,"href":"https:\/\/bocafi.calanuri.com\/es\/wp-json\/wp\/v2\/comments?post=1167"}],"version-history":[{"count":2,"href":"https:\/\/bocafi.calanuri.com\/es\/wp-json\/wp\/v2\/pages\/1167\/revisions"}],"predecessor-version":[{"id":1219,"href":"https:\/\/bocafi.calanuri.com\/es\/wp-json\/wp\/v2\/pages\/1167\/revisions\/1219"}],"wp:attachment":[{"href":"https:\/\/bocafi.calanuri.com\/es\/wp-json\/wp\/v2\/media?parent=1167"}],"curies":[{"name":"wp","href":"https:\/\/api.w.org\/{rel}","templated":true}]}}