{"id":1178,"date":"2020-01-31T10:58:39","date_gmt":"2020-01-31T10:58:39","guid":{"rendered":"https:\/\/bocafi.calanuri.com\/aviso-legal\/"},"modified":"2020-02-03T09:21:47","modified_gmt":"2020-02-03T09:21:47","slug":"aviso-legal","status":"publish","type":"page","link":"https:\/\/bocafi.calanuri.com\/es\/aviso-legal\/","title":{"rendered":"Aviso Legal"},"content":{"rendered":"<p><strong>Ley de los Servicios de la Sociedad de la informaci\u00f3n (LSSI)<\/strong><\/p>\n<p><strong>DATOS DE CONTACTO<\/strong><\/p>\n<p>En cumplimiento del deber de informaci\u00f3n recogido en el art\u00edculo 10 de la Ley 34\/2002, de 11 de julio, de Servicios de la Sociedad de la Informaci\u00f3n y del Comercio Electr\u00f3nico, se se\u00f1alan los siguientes datos: ALTID 9296 SL es el propietario de los nombres de dominio y p\u00e1ginas de internet a las que se accede desde el dominio calanuri.com\/es Los datos del titular a estos efectos son:<\/p>\n<ul>\n<li>ALTID 9296 S.L<\/li>\n<li>CIF: B67311043<\/li>\n<li>Direcci\u00f3n: c\/ Salvador Espriu 75 Local 11B<\/li>\n<li>Inscrita en el Registro Mercantil de Barcelona, al Tomo 46650; folio 53; hoja B 526621, Inscripci\u00f3n 1<\/li>\n<li>Correo electr\u00f3nico: lopd@calanuri.com<\/li>\n<\/ul>\n<p><strong>CONDICIONES GENERALES DE USO DE LA P\u00c1GINA WEB<\/strong><br \/>\n<em><br \/>\nUSUARIOS<\/em><\/p>\n<p>El acceso y\/o uso de este portal atribuye la condici\u00f3n de Usuario, que acepta los t\u00e9rminos y condiciones generales del uso para poder usar todos los servicios e informaci\u00f3n que se facilitan desde el portal. Dichas condiciones se exponen a continuaci\u00f3n.<\/p>\n<p><em>T\u00c9RMINOS Y CONDICIONES<\/em><\/p>\n<p>Las presentes condiciones de uso de la p\u00e1gina web, regulan los t\u00e9rminos de acceso y uso de calanuri.com\/es El mero acceso o utilizaci\u00f3n de la web, de todos o parte de sus contenidos y servicios significa la plena aceptaci\u00f3n de las presentes condiciones de uso y sin reservas. La puesta a disposici\u00f3n y el uso del portal se entiende sometida al estricto cumplimiento de los t\u00e9rminos recogidos en las presentes condiciones de uso de la web.<\/p>\n<p>Las presentes condiciones generales del uso de la web regulan el acceso y la utilizaci\u00f3n de la misma, incluyendo los contenidos y servicios puestos a disposici\u00f3n de los usuarios en y\/o a trav\u00e9s de la web, bien por la web, bien por sus usuarios o por cualquier tercero. No obstante, el acceso y la utilizaci\u00f3n de ciertos contenidos y\/o servicios pueden encontrarse sometidos a determinadas condiciones espec\u00edficas.<\/p>\n<p>ALTID 9296 S.L se reserva la facultad de modificar en cualquier momento las condiciones generales del uso de la p\u00e1gina web. En todo caso, se recomienda que consulte peri\u00f3dicamente las presentes condiciones generales del uso de la p\u00e1gina web, ya que pueden ser modificadas.<\/p>\n<p><em>OBLIGACIONES DEL USUARIO<\/em><\/p>\n<p>El usuario deber\u00e1 respetar en todo momento los t\u00e9rminos y condiciones establecidos en el presente aviso legal. De forma expresa, el usuario manifiesta que utilizar\u00e1 el portal de forma diligente y asumiendo cualquier responsabilidad que pudiera derivarse del incumplimiento de las normas.<\/p>\n<p>El usuario se obliga, en aquellos casos en que se le soliciten datos o informaci\u00f3n, a no falsear su identidad haci\u00e9ndose pasar por cualquier otra persona. El usuario acepta que la utilizaci\u00f3n de la p\u00e1gina web ser\u00e1 efectuada con fines estrictamente personales, privados y particulares. El usuario no podr\u00e1 utilizar el portal para actividades contrarias a la Ley, la moral y el orden p\u00fablico,\u00a0 as\u00ed como para finalidades prohibidas o que vulneren o lesionen derechos de terceros. Asimismo, queda prohibida la difusi\u00f3n, almacenamiento y\/o gesti\u00f3n de datos o contenidos que infrinjan derechos de terceros o cualesquiera normativas reguladoras de derechos de propiedad intelectual o industrial.<\/p>\n<p>Asimismo, el usuario no podr\u00e1 utilizar la p\u00e1gina web para transmitir, almacenar, divulgar, promover o distribuir datos o contenidos que sean portadores de virus o cualquier otro c\u00f3digo inform\u00e1tico, archivos o programas dise\u00f1ados para interrumpir, destruir o perjudicar el funcionamiento de cualquier programa o equipo inform\u00e1tico o de telecomunicaciones.<\/p>\n<p>El usuario se obliga a indemnizar y a mantener indemne la p\u00e1gina web por cualquier da\u00f1o, perjuicio, sanci\u00f3n, multa, pena o indemnizaci\u00f3n que tenga que hacer frente la p\u00e1gina web.<\/p>\n<p><em>USO DE LA WEB<\/em><\/p>\n<p>El uso de la presente web es gratuito.<\/p>\n<p>ALTID 9296 S.L se exime de cualquier tipo de responsabilidad derivada de la informaci\u00f3n publicada en su sitio web siempre que esta informaci\u00f3n haya sido manipulada o introducida por un tercero ajeno al mismo.<\/p>\n<p>Tambi\u00e9n se exime de cualquier tipo de responsabilidad derivada del contenido de otras p\u00e1ginas webs que puedan ser indexadas en el presente portal web.<\/p>\n<p><strong>propiedad intelectual <\/strong><\/p>\n<p>ALTID 9296 S.L es el titular de todos los derechos de propiedad intelectual e industrial de su p\u00e1gina web, as\u00ed como de los elementos contenidos en la misma. Todos los derechos est\u00e1n reservados.<\/p>\n<p>En virtud de lo dispuesto en los art\u00edculos 8 y 32.1, p\u00e1rrafo segundo, de la Ley de Propiedad Intelectual quedan expresamente prohibidas la reproducci\u00f3n, la distribuci\u00f3n y la comunicaci\u00f3n p\u00fablica, incluida su modalidad de puesta a disposici\u00f3n, de la totalidad o parte de los contenidos de esta p\u00e1gina web, con fines comerciales, en cualquier soporte y por cualquier medio t\u00e9cnico, sin la autorizaci\u00f3n expresa de ALTID 9296 S.L.<\/p>\n<p><strong>RESPONSABILIDAD<\/strong><\/p>\n<p>El portal no garantiza la disponibilidad continua y permanente de los servicios, quedando de este modo exonerado de cualquier responsabilidad por posibles da\u00f1os y perjuicios causados como consecuencia de la falta de disponibilidad del servicio por motivos de fuerza mayor o errores en las redes telem\u00e1ticas de transferencia de datos, ajenos a su voluntad, o por desconexiones realizadas por trabajos de mejora o mantenimiento de los equipos y sistemas inform\u00e1ticos.<\/p>\n<p>En estos casos, el portal har\u00e1 sus mejores esfuerzos para avisar con una antelaci\u00f3n de 24 horas a la interrupci\u00f3n. El portal no ser\u00e1 responsable por la interrupci\u00f3n, suspensi\u00f3n o finalizaci\u00f3n de la informaci\u00f3n o servicios. Asimismo, no se responsabiliza de las posibles omisiones, p\u00e9rdidas de informaci\u00f3n, datos, configuraciones, accesos indebidos o vulneraci\u00f3n de la confidencialidad que tengan origen en problemas t\u00e9cnicos, de comunicaciones u omisiones humanas, causadas por terceros o no imputables a la web. Tampoco responder\u00e1 de los da\u00f1os producidos por ataques inform\u00e1ticos o causados por virus que afecten a programas inform\u00e1ticos, sistemas de comunicaciones o equipos utilizados por la p\u00e1gina web pero fabricados o facilitados por un tercero. El portal podr\u00e1 a su sola discreci\u00f3n, denegar, retirar, suspender y\/o bloquear en cualquier momento y sin necesidad de previo aviso el acceso a la informaci\u00f3n y servicios a aquellos usuarios que incumplan las presentes normas.<\/p>\n<p>Exceptuando los casos en que la Ley imponga expresamente lo contrario, y exclusivamente con la medida y extensi\u00f3n en que lo imponga, la aplicaci\u00f3n no garantiza ni asume responsabilidad alguna respecto a los posibles da\u00f1os y perjuicios causados por el uso y utilizaci\u00f3n de la informaci\u00f3n, datos y servicios del portal.<\/p>\n<p>En todo caso, el portal excluye cualquier responsabilidad por los da\u00f1os y perjuicios que puedan deberse a la informaci\u00f3n y\/o servicios prestados o suministrados por terceros diferentes al titular. Toda la responsabilidad ser\u00e1 del tercero, ya sea proveedor, colaborador u otro.<\/p>\n<p><strong>POL\u00cdTICA DE ENLACES<\/strong><\/p>\n<p>Desde el sitio web, es posible que se redirija a contenidos de terceros sitios web. Dado que ALTID 9296 S.L no puede controlar siempre los contenidos introducidos por terceros en sus respectivos sitios web, no asume ning\u00fan tipo de responsabilidad respecto a dichos contenidos. En todo caso, proceder\u00e1 a la retirada inmediata de cualquier contenido que pudiera contravenir la legislaci\u00f3n nacional o internacional, la moral o el orden p\u00fablico, procediendo a la retirada inmediata de la redirecci\u00f3n a dicho sitio web, poniendo en conocimiento de las autoridades competentes el contenido en cuesti\u00f3n.<\/p>\n<p>ALTID 9296 S.L no se hace responsable de la informaci\u00f3n y contenidos almacenados, a t\u00edtulo enunciativo pero no limitativo, en foros, chats, generadores de blogs, comentarios, redes sociales o cualquier otro medio de sus usuarios.<\/p>\n<p>Asimismo, y en cumplimiento de lo dispuesto en los art\u00edculos 11 y 16 de la LSSICE, se pone a disposici\u00f3n de todos los usuarios, autoridades y fuerzas de seguridad, colaborando de forma activa en la retirada o, en su caso, bloqueo de todos aquellos contenidos que puedan afectar o contravenir la legislaci\u00f3n nacional o internacional, los derechos de terceros o la moral y el orden p\u00fablico incluidos en la presente p\u00e1gina web. En caso de que el usuario considere que existe en el sitio web alg\u00fan contenido que pudiera ser susceptible de esta clasificaci\u00f3n, se ruega lo notifique de forma inmediata al administrador del sitio web.<\/p>\n<p>Este sitio web ha sido revisado y probado para que funcione correctamente. En principio, puede garantizarse el correcto funcionamiento los 365 d\u00edas del a\u00f1o, 24 horas al d\u00eda. Sin embargo, no se descarta la posibilidad de que existan ciertos errores de programaci\u00f3n, o que acontezcan causas de fuerza mayor, cat\u00e1strofes naturales, huelgas o circunstancias semejantes que hagan imposible el acceso a la p\u00e1gina web.<\/p>\n<p><strong>DIRECCIONES IP<\/strong><\/p>\n<p>Los servidores del sitio web podr\u00e1n detectar de manera autom\u00e1tica la direcci\u00f3n IP y el nombre de dominio utilizados por el usuario. Una direcci\u00f3n IP es un n\u00famero asignado autom\u00e1ticamente a un ordenador cuando \u00e9ste se conecta a Internet. Toda esta informaci\u00f3n es registrada en un fichero de actividad del servidor debidamente inscrito que permite el posterior procesamiento de los datos con el fin de obtener mediciones \u00fanicamente estad\u00edsticas que permitan conocer el n\u00famero de impresiones de p\u00e1ginas, el n\u00famero de visitas realizadas a los servidores web, el orden de visitas, el punto de acceso, etc.<\/p>\n<p><strong>LEY APLICABLE Y JURISDICCI\u00d3N<\/strong><\/p>\n<p>ALTID 9296 S.L se reserva, as\u00ed mismo, la facultad de presentar las acciones civiles o penales que considere oportunas por la utilizaci\u00f3n indebida de su sitio web y contenidos, o por el incumplimiento de las presentes condiciones.<\/p>\n<p>La relaci\u00f3n entre ALTID 9296 S.L y Usuario se regir\u00e1 por la normativa espa\u00f1ola vigente y, cualquier controversia se someter\u00e1 a los Juzgados y Tribunales de la ciudad de Barcelona.<\/p>\n<p>&nbsp;<\/p>\n<p>&nbsp;<\/p>\n<p>&nbsp;<\/p>\n","protected":false},"excerpt":{"rendered":"<p>Ley de los Servicios de la Sociedad de la informaci\u00f3n (LSSI) DATOS DE CONTACTO En cumplimiento del deber de informaci\u00f3n recogido en el art\u00edculo 10 de la Ley 34\/2002, de 11 de julio, de Servicios de la Sociedad de la Informaci\u00f3n y del Comercio Electr\u00f3nico, se se\u00f1alan los siguientes datos: ALTID 9296 SL es el [&hellip;]<\/p>\n","protected":false},"author":1,"featured_media":0,"parent":0,"menu_order":0,"comment_status":"closed","ping_status":"closed","template":"","meta":{"_et_pb_use_builder":"","_et_pb_old_content":"","_et_gb_content_width":""},"yoast_head":"<!-- This site is optimized with the Yoast SEO plugin v15.4 - https:\/\/yoast.com\/wordpress\/plugins\/seo\/ -->\n<title>Aviso Legal - Restaurant Bocaf\u00ed d&#039;en Noguera<\/title>\n<meta name=\"robots\" content=\"noindex, follow, max-snippet:-1, max-image-preview:large, max-video-preview:-1\" \/>\n<meta property=\"og:locale\" content=\"es_ES\" \/>\n<meta property=\"og:type\" content=\"article\" \/>\n<meta property=\"og:title\" content=\"Aviso Legal - Restaurant Bocaf\u00ed d&#039;en Noguera\" \/>\n<meta property=\"og:description\" content=\"Ley de los Servicios de la Sociedad de la informaci\u00f3n (LSSI) DATOS DE CONTACTO En cumplimiento del deber de informaci\u00f3n recogido en el art\u00edculo 10 de la Ley 34\/2002, de 11 de julio, de Servicios de la Sociedad de la Informaci\u00f3n y del Comercio Electr\u00f3nico, se se\u00f1alan los siguientes datos: ALTID 9296 SL es el [&hellip;]\" \/>\n<meta property=\"og:url\" content=\"https:\/\/bocafi.calanuri.com\/es\/aviso-legal\/\" \/>\n<meta property=\"og:site_name\" content=\"Restaurant Bocaf\u00ed d&#039;en Noguera\" \/>\n<meta property=\"article:modified_time\" content=\"2020-02-03T09:21:47+00:00\" \/>\n<meta name=\"twitter:card\" content=\"summary_large_image\" \/>\n<meta name=\"twitter:label1\" content=\"Escrito por\">\n\t<meta name=\"twitter:data1\" content=\"admin\">\n\t<meta name=\"twitter:label2\" content=\"Tiempo de lectura\">\n\t<meta name=\"twitter:data2\" content=\"7 minutos\">\n<script type=\"application\/ld+json\" class=\"yoast-schema-graph\">{\"@context\":\"https:\/\/schema.org\",\"@graph\":[{\"@type\":\"WebSite\",\"@id\":\"https:\/\/bocafi.calanuri.com\/es\/#website\",\"url\":\"https:\/\/bocafi.calanuri.com\/es\/\",\"name\":\"Restaurant Bocaf\\u00ed d&#039;en Noguera\",\"description\":\"Grup Ca la Nuri\",\"potentialAction\":[{\"@type\":\"SearchAction\",\"target\":\"https:\/\/bocafi.calanuri.com\/es\/?s={search_term_string}\",\"query-input\":\"required name=search_term_string\"}],\"inLanguage\":\"es\"},{\"@type\":\"WebPage\",\"@id\":\"https:\/\/bocafi.calanuri.com\/es\/aviso-legal\/#webpage\",\"url\":\"https:\/\/bocafi.calanuri.com\/es\/aviso-legal\/\",\"name\":\"Aviso Legal - Restaurant Bocaf\\u00ed d&#039;en Noguera\",\"isPartOf\":{\"@id\":\"https:\/\/bocafi.calanuri.com\/es\/#website\"},\"datePublished\":\"2020-01-31T10:58:39+00:00\",\"dateModified\":\"2020-02-03T09:21:47+00:00\",\"inLanguage\":\"es\",\"potentialAction\":[{\"@type\":\"ReadAction\",\"target\":[\"https:\/\/bocafi.calanuri.com\/es\/aviso-legal\/\"]}]}]}<\/script>\n<!-- \/ Yoast SEO plugin. -->","_links":{"self":[{"href":"https:\/\/bocafi.calanuri.com\/es\/wp-json\/wp\/v2\/pages\/1178"}],"collection":[{"href":"https:\/\/bocafi.calanuri.com\/es\/wp-json\/wp\/v2\/pages"}],"about":[{"href":"https:\/\/bocafi.calanuri.com\/es\/wp-json\/wp\/v2\/types\/page"}],"author":[{"embeddable":true,"href":"https:\/\/bocafi.calanuri.com\/es\/wp-json\/wp\/v2\/users\/1"}],"replies":[{"embeddable":true,"href":"https:\/\/bocafi.calanuri.com\/es\/wp-json\/wp\/v2\/comments?post=1178"}],"version-history":[{"count":3,"href":"https:\/\/bocafi.calanuri.com\/es\/wp-json\/wp\/v2\/pages\/1178\/revisions"}],"predecessor-version":[{"id":1211,"href":"https:\/\/bocafi.calanuri.com\/es\/wp-json\/wp\/v2\/pages\/1178\/revisions\/1211"}],"wp:attachment":[{"href":"https:\/\/bocafi.calanuri.com\/es\/wp-json\/wp\/v2\/media?parent=1178"}],"curies":[{"name":"wp","href":"https:\/\/api.w.org\/{rel}","templated":true}]}}