{"id":1187,"date":"2020-01-31T11:04:33","date_gmt":"2020-01-31T11:04:33","guid":{"rendered":"https:\/\/bocafi.calanuri.com\/politica-de-privacidad-redes-sociales\/"},"modified":"2020-02-03T09:28:25","modified_gmt":"2020-02-03T09:28:25","slug":"politica-de-privacidad-redes-sociales","status":"publish","type":"page","link":"https:\/\/bocafi.calanuri.com\/es\/politica-de-privacidad-redes-sociales\/","title":{"rendered":"Pol\u00edtica de privacidad redes sociales"},"content":{"rendered":"<ol>\n<li><strong> Informaci\u00f3n sobre el responsable del tratamiento de datos personales en sus redes sociales<\/strong><\/li>\n<\/ol>\n<p>De conformidad al deber de informaci\u00f3n establecido en el Reglamento (UE) 2016\/679 de 27 de abril (GDPR) y la LO 3\/2018, de 5 de diciembre, de Protecci\u00f3n de Datos Personales y garant\u00eda de los derechos digitales ALTID 9296 SL, titular de las redes sociales de los restaurantes \u201cCa la Nuri\u201d, en adelante El Responsable desea poner en conocimiento de los usuarios de cualquier red social de su dominio la pol\u00edtica respecto del tratamiento y protecci\u00f3n de los datos de car\u00e1cter personal de aquellas personas que voluntariamente acceden y las puedan utilizar.<\/p>\n<p>El acceso y uso por el usuario de estas redes sociales, supone que acepta expresamente esta pol\u00edtica de privacidad y que presta su consentimiento para el tratamiento de sus datos personales seg\u00fan lo previsto en la misma.<\/p>\n<ol start=\"2\">\n<li><strong> Datos de menores de edad o incapaces<\/strong><\/li>\n<\/ol>\n<p>El acceso y registro en las redes sociales del responsable por parte de menores de catorce (14) a\u00f1os e incapaces, requiere el consentimiento del titular de la patria potestad o tutela del usuario o su representante legal para el acceso y uso. EL RESPONSABLE, quedar\u00e1 expresamente exonerada de cualquier responsabilidad que pudiera derivarse del uso de su p\u00e1gina oficial por menores e incapaces siendo dicha responsabilidad de sus representantes legales en cada caso.<\/p>\n<ol start=\"3\">\n<li><strong> Identificaci\u00f3n de la raz\u00f3n social del responsable del fichero<\/strong><\/li>\n<\/ol>\n<p>El usuario queda informado de que EL RESPONSABLE, con domicilio social en calle Salvador Espriu 75 Local 11B, 08005, de Barcelona, ostenta la condici\u00f3n de responsable de los ficheros y tratamientos a trav\u00e9s de los que se recogen y almacenan los datos personales del usuario como consecuencia del registro y uso de la p\u00e1gina oficial calanuri.com\/es, y en las redes sociales derivadas con el mencionado nombre, sin perjuicio de los tratamientos de los que es responsable la entidad titular de la red social en la que se encuentra nuestra p\u00e1gina oficial.<\/p>\n<ol start=\"4\">\n<li><strong> Finalidades a que se destinan los datos de car\u00e1cter personal, informaci\u00f3n y consentimiento<\/strong><\/li>\n<\/ol>\n<p>Los datos personales proporcionados voluntariamente por el usuario a EL RESPONSABLE, a trav\u00e9s de su p\u00e1gina oficial de la red social formar\u00e1n parte de un tratamiento de datos responsabilidad de EL RESPONSABLE, con la finalidad de ofrecerle informaci\u00f3n de EL RESPONSABLE, por e-mail, fax, SMS, MMS, comunicaciones sociales o cualesquier otro medio electr\u00f3nico o f\u00edsico, presente o futuro, que posibilite realizar comunicaci\u00f3n comerciales, env\u00edo de newsletter a aquellos usuarios que se suscriban de forma expresa, intercambiar informaci\u00f3n con EL RESPONSABLE, y otros usuarios y establecer comunicaci\u00f3n con terceros.<\/p>\n<p>Desde el momento en que el usuario utiliza la p\u00e1gina oficial de la red social, se presta su consentimiento libre, inequ\u00edvoco, espec\u00edfico, informado y expreso para el tratamiento de sus datos personales por EL RESPONSABLE, para la correcta prestaci\u00f3n de dichos servicios de acuerdo con lo establecido en la presente pol\u00edtica.<\/p>\n<p>El usuario es libre de utilizar la p\u00e1gina oficial de EL RESPONSABLE, en cualquier red social de su dominio, por lo que en caso en que el usuario no est\u00e9 de acuerdo con el tratamiento de sus datos con dichos fines, no deber\u00e1 utilizarla ni proporcionar sus datos personales.<\/p>\n<p>A trav\u00e9s de la p\u00e1gina oficial de las redes sociales del responsable, el usuario puede compartir textos, fotos, v\u00eddeos y otro tipo de formaci\u00f3n y\/o contenidos que estar\u00e1n sujetos tanto a la presente pol\u00edtica como a las Normas y Condiciones de la Plataforma. El usuario ser\u00e1 responsable de que todos los contenidos que publique respeten la legislaci\u00f3n vigente, la presente pol\u00edtica y las Normas de la Plataforma.<\/p>\n<p>El usuario \u00fanicamente podr\u00e1 publicar en las p\u00e1ginas oficiales de las redes sociales del responsable los datos personales, fotograf\u00edas e informaciones u otros contenidos cuya titularidad y propiedad le pertenezcan o respecto de las cuales ostente la autorizaci\u00f3n de terceros.<\/p>\n<p>EL RESPONSABLE, tendr\u00e1 derecho a eliminar de sus p\u00e1ginas oficiales de las redes sociales \u2013de forma unilateral y sin previa comunicaci\u00f3n ni autorizaci\u00f3n del usuario- cualesquier contenido publicado por el usuario cuando se infrinja o vulnere la legislaci\u00f3n vigente, las normas establecidas en la presente pol\u00edtica y las Normas de la Plataforma.<\/p>\n<ol start=\"5\">\n<li><strong> Identificaci\u00f3n de los destinatarios respecto de los que EL RESPONSABLE, tenga previsto la realizaci\u00f3n de cesiones o comunicaciones de datos<\/strong><\/li>\n<\/ol>\n<p>Se advierte al usuario que toda la informaci\u00f3n y contenidos que publique en las p\u00e1ginas oficiales de las redes sociales del responsable \u00a0podr\u00e1 ser conocida por los restantes usuarios de la p\u00e1gina oficial y de la plataforma de red social. En consecuencia, toda la informaci\u00f3n y contenidos publicados por el usuario en la p\u00e1gina oficial de EL RESPONSABLE, en esta red social ser\u00e1 objeto de comunicaci\u00f3n al resto de los usuarios por la propia naturaleza del servicio.<\/p>\n<p>EL RESPONSABLE, \u00fanicamente tiene prevista la realizaci\u00f3n de cesiones o comunicaciones de datos que a raz\u00f3n de la normativa vigente deba realizar a jueces, tribunales, administraciones p\u00fablicas y autoridades competentes de car\u00e1cter administrativo.<\/p>\n<ol start=\"6\">\n<li><strong> Otros terceros prestadores de servicios<\/strong><\/li>\n<\/ol>\n<p>EL RESPONSABLE, advierte al usuario de que esta entidad s\u00f3lo es responsable y garantiza la confidencialidad, seguridad y tratamiento de los datos conforme a la presente pol\u00edtica, respecto de los datos de car\u00e1cter personal que recoja del usuario a trav\u00e9s de sus redes sociales, no teniendo ning\u00fan tipo de responsabilidad respecto de los tratamientos y posteriores utilizaciones de los datos personales que pudieran efectuarse tanto por el titular de la red social, como por terceros prestadores de servicios de la sociedad de la informaci\u00f3n que pudiesen acceder a tales datos en raz\u00f3n de la prestaci\u00f3n de sus servicios o ejercicio de su actividad, as\u00ed como terceros que establezcan hiperenlaces a la red social, ni de aquellos responsables a quienes a trav\u00e9s de hiperenlaces del RESPONSABLE, remiten a los usuarios adheridos a la presente p\u00e1gina oficial.<\/p>\n<ol start=\"7\">\n<li><strong> Calidad de los datos<\/strong><\/li>\n<\/ol>\n<p>EL RESPONSABLE, advierte al usuario de que, salvo la existencia de una representaci\u00f3n legalmente constituida, ning\u00fan usuario puede utilizar la identidad de otra persona y comunicar sus datos personales, por lo que el usuario en todo momento deber\u00e1 tener en cuenta que solo puede proporcionar datos personales correspondientes a su propia identidad y que sean adecuados, pertinentes, actuales, exactos y verdaderos. En cualquier caso, el usuario deber\u00e1 respetar la privacidad de terceros, sean estos usuarios o no de la red social o de la p\u00e1gina oficial de EL RESPONSABLE, en la misma.<\/p>\n<ol start=\"8\">\n<li><strong> Derechos que asisten al Interesado:<\/strong><\/li>\n<\/ol>\n<p>Derecho a retirar el consentimiento en cualquier momento.<\/p>\n<p>Derecho de acceso, rectificaci\u00f3n, portabilidad y supresi\u00f3n de sus datos y a la limitaci\u00f3n u oposici\u00f3n a su tratamiento.<\/p>\n<p>Derecho a presentar una reclamaci\u00f3n de tutela de sus derechos ante la Agencia Espa\u00f1ola de Protecci\u00f3n de Datos si considera que el tratamiento no se ajusta a la normativa vigente.<\/p>\n<ol start=\"9\">\n<li><strong> Otra informaci\u00f3n de inter\u00e9s<\/strong><\/li>\n<\/ol>\n<p>EL RESPONSABLE, podr\u00e1 modificar y\/o sustituir en cualquier momento la presente pol\u00edtica que, seg\u00fan los casos, sustituir\u00e1, completar\u00e1 y\/o modificar\u00e1 la actualmente publicada aqu\u00ed recogida. Por ello el usuario deber\u00e1 acceder peri\u00f3dicamente a las mismas con el fin de mantenerse actualizado.<\/p>\n<p>El usuario puede contactar con EL RESPONSABLE, mediante el servicio de mensajer\u00eda interna de la red social o a trav\u00e9s de las siguientes direcciones y datos de contacto:<\/p>\n<ul>\n<li>ALTID 9296 SL<\/li>\n<li>CIF: B67311043<\/li>\n<li>Direcci\u00f3n: c\/ Salvador Espriu 75 Local 11BBarcelona<\/li>\n<li>Correo electr\u00f3nico: lopd@calanuri.com<\/li>\n<\/ul>\n<p>Asimismo, el usuario puede consultar las normas y pol\u00edticas publicadas por el titular de la red social para el uso de la misma.<\/p>\n<ul>\n<li>Facebook: https:\/\/www.facebook.com\/help\/323540651073243\/<\/li>\n<li>Twitter: https:\/\/twitter.com\/privacy<\/li>\n<li>Linkedin: http:\/\/www.linkedin.com\/legal\/privacy-policy?trk=hb_ft_priv<\/li>\n<li>Google +: http:\/\/www.google.com\/intl\/es\/policies\/privacy\/<\/li>\n<\/ul>\n<p>&nbsp;<\/p>\n<p>&nbsp;<\/p>\n","protected":false},"excerpt":{"rendered":"<p>Informaci\u00f3n sobre el responsable del tratamiento de datos personales en sus redes sociales De conformidad al deber de informaci\u00f3n establecido en el Reglamento (UE) 2016\/679 de 27 de abril (GDPR) y la LO 3\/2018, de 5 de diciembre, de Protecci\u00f3n de Datos Personales y garant\u00eda de los derechos digitales ALTID 9296 SL, titular de las [&hellip;]<\/p>\n","protected":false},"author":1,"featured_media":0,"parent":0,"menu_order":0,"comment_status":"closed","ping_status":"closed","template":"","meta":{"_et_pb_use_builder":"","_et_pb_old_content":"","_et_gb_content_width":""},"yoast_head":"<!-- This site is optimized with the Yoast SEO plugin v15.4 - https:\/\/yoast.com\/wordpress\/plugins\/seo\/ -->\n<title>Pol\u00edtica de privacidad redes sociales - Restaurant Bocaf\u00ed d&#039;en Noguera<\/title>\n<meta name=\"robots\" content=\"noindex, follow, max-snippet:-1, max-image-preview:large, max-video-preview:-1\" \/>\n<meta property=\"og:locale\" content=\"es_ES\" \/>\n<meta property=\"og:type\" content=\"article\" \/>\n<meta property=\"og:title\" content=\"Pol\u00edtica de privacidad redes sociales - Restaurant Bocaf\u00ed d&#039;en Noguera\" \/>\n<meta property=\"og:description\" content=\"Informaci\u00f3n sobre el responsable del tratamiento de datos personales en sus redes sociales De conformidad al deber de informaci\u00f3n establecido en el Reglamento (UE) 2016\/679 de 27 de abril (GDPR) y la LO 3\/2018, de 5 de diciembre, de Protecci\u00f3n de Datos Personales y garant\u00eda de los derechos digitales ALTID 9296 SL, titular de las [&hellip;]\" \/>\n<meta property=\"og:url\" content=\"https:\/\/bocafi.calanuri.com\/es\/politica-de-privacidad-redes-sociales\/\" \/>\n<meta property=\"og:site_name\" content=\"Restaurant Bocaf\u00ed d&#039;en Noguera\" \/>\n<meta property=\"article:modified_time\" content=\"2020-02-03T09:28:25+00:00\" \/>\n<meta name=\"twitter:card\" content=\"summary_large_image\" \/>\n<meta name=\"twitter:label1\" content=\"Escrito por\">\n\t<meta name=\"twitter:data1\" content=\"admin\">\n\t<meta name=\"twitter:label2\" content=\"Tiempo de lectura\">\n\t<meta name=\"twitter:data2\" content=\"5 minutos\">\n<script type=\"application\/ld+json\" class=\"yoast-schema-graph\">{\"@context\":\"https:\/\/schema.org\",\"@graph\":[{\"@type\":\"WebSite\",\"@id\":\"https:\/\/bocafi.calanuri.com\/es\/#website\",\"url\":\"https:\/\/bocafi.calanuri.com\/es\/\",\"name\":\"Restaurant Bocaf\\u00ed d&#039;en Noguera\",\"description\":\"Grup Ca la Nuri\",\"potentialAction\":[{\"@type\":\"SearchAction\",\"target\":\"https:\/\/bocafi.calanuri.com\/es\/?s={search_term_string}\",\"query-input\":\"required name=search_term_string\"}],\"inLanguage\":\"es\"},{\"@type\":\"WebPage\",\"@id\":\"https:\/\/bocafi.calanuri.com\/es\/politica-de-privacidad-redes-sociales\/#webpage\",\"url\":\"https:\/\/bocafi.calanuri.com\/es\/politica-de-privacidad-redes-sociales\/\",\"name\":\"Pol\\u00edtica de privacidad redes sociales - Restaurant Bocaf\\u00ed d&#039;en Noguera\",\"isPartOf\":{\"@id\":\"https:\/\/bocafi.calanuri.com\/es\/#website\"},\"datePublished\":\"2020-01-31T11:04:33+00:00\",\"dateModified\":\"2020-02-03T09:28:25+00:00\",\"inLanguage\":\"es\",\"potentialAction\":[{\"@type\":\"ReadAction\",\"target\":[\"https:\/\/bocafi.calanuri.com\/es\/politica-de-privacidad-redes-sociales\/\"]}]}]}<\/script>\n<!-- \/ Yoast SEO plugin. -->","_links":{"self":[{"href":"https:\/\/bocafi.calanuri.com\/es\/wp-json\/wp\/v2\/pages\/1187"}],"collection":[{"href":"https:\/\/bocafi.calanuri.com\/es\/wp-json\/wp\/v2\/pages"}],"about":[{"href":"https:\/\/bocafi.calanuri.com\/es\/wp-json\/wp\/v2\/types\/page"}],"author":[{"embeddable":true,"href":"https:\/\/bocafi.calanuri.com\/es\/wp-json\/wp\/v2\/users\/1"}],"replies":[{"embeddable":true,"href":"https:\/\/bocafi.calanuri.com\/es\/wp-json\/wp\/v2\/comments?post=1187"}],"version-history":[{"count":1,"href":"https:\/\/bocafi.calanuri.com\/es\/wp-json\/wp\/v2\/pages\/1187\/revisions"}],"predecessor-version":[{"id":1217,"href":"https:\/\/bocafi.calanuri.com\/es\/wp-json\/wp\/v2\/pages\/1187\/revisions\/1217"}],"wp:attachment":[{"href":"https:\/\/bocafi.calanuri.com\/es\/wp-json\/wp\/v2\/media?parent=1187"}],"curies":[{"name":"wp","href":"https:\/\/api.w.org\/{rel}","templated":true}]}}