{"id":1205,"date":"2020-02-03T09:12:16","date_gmt":"2020-02-03T09:12:16","guid":{"rendered":"https:\/\/bocafi.calanuri.com\/?page_id=1205"},"modified":"2020-02-03T09:29:09","modified_gmt":"2020-02-03T09:29:09","slug":"politica-de-cookies","status":"publish","type":"page","link":"https:\/\/bocafi.calanuri.com\/es\/politica-de-cookies\/","title":{"rendered":"Pol\u00edtica de Cookies"},"content":{"rendered":"<p>bocafi.calanuri.com,\u00a0por su propia cuenta o la de un tercer contratado para la prestaci\u00f3n de servicios de medici\u00f3n, pueden utilizar cookies y otros mecanismos similares de almacenamiento y recuperaci\u00f3n de datos en equipos terminales (de ahora en adelante, \u201cCookies\u201d) cuando el Usuario navega por el Sitio web con el fin de permitir y facilitar la interacci\u00f3n del usuario con este. Los servicios de estad\u00edsticas \u2013propios o ajenos\u2013, empleados por el sitio web pueden emplear \u201ccookies\u201d con el fin de establecer m\u00e9tricas y patrones de uso del lugar.<\/p>\n<p>El acceso, uso y, en general, la navegaci\u00f3n por el sitio web supone necesariamente el consentimiento del usuario a la utilizaci\u00f3n de \u201ccookies\u201d por parte de bocafi.calanuri.com y\/o de sus proveedores de servicios.<\/p>\n<p>Mediante el uso de las cookies resulta posible que el servidor donde se encuentra alojado el Sitio web reconozca el navegador Web utilizado por el Usuario, con el fin de que la navegaci\u00f3n sea m\u00e1s sencilla, permitiendo, por ejemplo, el acceso a los usuarios que se hayan registrado previamente, acceder en las \u00e1reas o servicios reservados exclusivamente a ellos sin tener que registrarse en cada visita. Se utilizan tambi\u00e9n para mesurar la audiencia y par\u00e1metros del tr\u00e1fico, as\u00ed como para controlar el progreso y n\u00famero de entradas.<\/p>\n<p>COOKIES<\/p>\n<p>bocafi.calanuri.com usa cookies y otros mecanismos similares (de ahora en adelante cookies). Las cookies son peque\u00f1os archivos de texto que se almacenan en el disco llevar del ordenador o dispositivo m\u00f3vil del Usuario para registrar su actividad en nuestra web, apps y\/o servicios de las Web. Por ejemplo, las cookies contienen informaci\u00f3n sobre preferencias del Usuario y sobre como usa nuestra p\u00e1gina web, y permiten identificar el navegador del Usuario en su siguiente visita a nuestra web. En esta declaraci\u00f3n de cookies explicamos qu\u00e9 cookies se almacenan y bajo qu\u00e9 prop\u00f3sitos.<\/p>\n<p>COOKIES FUNCIONALES<\/p>\n<p>bocafi.calanuri.com utiliza cookies funcionales para el correcto funcionamiento de la web, por ejemplo, para facilitar la navegaci\u00f3n y el acceso a la web de bocafi.calanuri.com, y\/o para recordar las preferencias del Usuario cuando navegue por la web. Por ejemplo, no tendr\u00eda que introducir sus datos de registro cada vez que visite nuestra web. Las cookies funcionales siempre se almacenan, independientemente de las decisiones que tome. Este tipo de cookies pueden ser almacenadas sin ning\u00fan permiso.<\/p>\n<p>COOKIES De AN\u00c1LISIS<\/p>\n<p>Para saber qu\u00e9 partes de nuestra web son las m\u00e1s interesantes para nuestros Usuarios, intentamos mesurar siempre cu\u00e1ntos visitantes tenemos y qu\u00e9 partes de la web son las m\u00e1s visitadas. Para lo cual usamos cookies. Esto nos permitir\u00e1 hacer que la estructura, navegaci\u00f3n y contenido de nuestra web sean lo m\u00e1s f\u00e1ciles de usar posible. Intentamos que estos datos sean lo m\u00e1s an\u00f3nimos posible. Esta\u00a0cookie\u00a0que solo se genera en la visita, servir\u00e1 en pr\u00f3ximas visitas para identificar de manera an\u00f3nima al visitante. Los objetivos principales que se persiguen son:<\/p>\n<p>Permitir la identificaci\u00f3n an\u00f3nima de los Usuarios navegantes a trav\u00e9s de la \u201ccookie\u201d\u00a0(identifica navegadores y dispositivos, no personas) y por tanto la contabilizaci\u00f3n aproximada del n\u00famero de visitantes y su tendencia en el tiempo.<br \/>\nIdentificar de manera an\u00f3nima los contenidos m\u00e1s visitados y por tanto m\u00e1s atractivos para los Usuarios<br \/>\nSaber si el Usuario que est\u00e1 accediendo es nuevo o repite visita.<\/p>\n<p>Importante: Salvo que el Usuario decida registrarse en un servicio de bocafi.calanuri.com, la \u201ccookie\u201d\u00a0nunca ir\u00e1 asociada a ning\u00fan dato de car\u00e1cter personal que pueda identificarle. Estas cookies solo ser\u00e1n utilizadas con prop\u00f3sitos estad\u00edsticos que ayuden a la optimizaci\u00f3n de la experiencia de los Usuarios en el lugar.<\/p>\n<p>COOKIES DE REDES SOCIALES<\/p>\n<p>Nuestro sitio web incluye botones para promover y compartir p\u00e1ginas web en redes sociales como Facebook, Twitter, Instagram. Para permitir que estos botones hagan su funci\u00f3n, usamos cookies de estas redes sociales. Para conocer los detalles de almacenamiento de cookies de estas redes sociales y los datos que podan potencialmente recopilar, por favor consulte las pol\u00edticas que tienen en sus propias p\u00e1ginas web. Nota: estas declaraciones pueden cambiarse con regularidad. No tenemos control sobre esto.<\/p>\n<p>COMO CAMBIAR LA CONFIGURACI\u00d3N DE COOKIES<\/p>\n<p>El Usuario puede configurar el navegador de su ordenador que le permite eliminar las cookies que ha almacenado y negarse a almacenar nuevas cookies. El m\u00e9todo para hacerlo varia de un navegador a otro; si es necesario, el Usuario puede consultar la opci\u00f3n de ayuda de su navegador. Nota: si el Usuario rechaza las cookies y\/o las borra, puede ser que no siempre sea capaz de usar\/experimentar todo el potencial de la web.<\/p>\n<p>A continuaci\u00f3n proporcionamos informaci\u00f3n a relativa sobre los navegadores m\u00e1s comerciales:<\/p>\n<ul>\n<li><a href=\"http:\/\/windows.microsoft.com\/es-es\/windows-vista\/block-or-allow-cookies\">Informaci\u00f3n sobre Microsoft Internet Explorer<\/a><\/li>\n<li><a href=\"https:\/\/support.mozilla.org\/es\/kb\/habilitar-y-deshabilitar-cookies-que-los-sitios-we\">Informaci\u00f3n sobre Mozilla Firefox<\/a><\/li>\n<li><a href=\"https:\/\/support.google.com\/chrome\/answer\/95647?hl=es\">Informaci\u00f3n sobre Google Chrome<\/a><\/li>\n<li><a href=\"https:\/\/support.apple.com\/kb\/ph5042?locale=en_US\">Informaci\u00f3n sobre Safari<\/a><\/li>\n<\/ul>\n<p>&nbsp;<\/p>\n<p>&nbsp;<\/p>\n","protected":false},"excerpt":{"rendered":"<p>bocafi.calanuri.com,\u00a0por su propia cuenta o la de un tercer contratado para la prestaci\u00f3n de servicios de medici\u00f3n, pueden utilizar cookies y otros mecanismos similares de almacenamiento y recuperaci\u00f3n de datos en equipos terminales (de ahora en adelante, \u201cCookies\u201d) cuando el Usuario navega por el Sitio web con el fin de permitir y facilitar la interacci\u00f3n [&hellip;]<\/p>\n","protected":false},"author":1,"featured_media":0,"parent":0,"menu_order":0,"comment_status":"closed","ping_status":"closed","template":"","meta":{"_et_pb_use_builder":"","_et_pb_old_content":"","_et_gb_content_width":""},"yoast_head":"<!-- This site is optimized with the Yoast SEO plugin v15.4 - https:\/\/yoast.com\/wordpress\/plugins\/seo\/ -->\n<title>Pol\u00edtica de Cookies - Restaurant Bocaf\u00ed d&#039;en Noguera<\/title>\n<meta name=\"robots\" content=\"noindex, follow, max-snippet:-1, max-image-preview:large, max-video-preview:-1\" \/>\n<meta property=\"og:locale\" content=\"es_ES\" \/>\n<meta property=\"og:type\" content=\"article\" \/>\n<meta property=\"og:title\" content=\"Pol\u00edtica de Cookies - Restaurant Bocaf\u00ed d&#039;en Noguera\" \/>\n<meta property=\"og:description\" content=\"bocafi.calanuri.com,\u00a0por su propia cuenta o la de un tercer contratado para la prestaci\u00f3n de servicios de medici\u00f3n, pueden utilizar cookies y otros mecanismos similares de almacenamiento y recuperaci\u00f3n de datos en equipos terminales (de ahora en adelante, \u201cCookies\u201d) cuando el Usuario navega por el Sitio web con el fin de permitir y facilitar la interacci\u00f3n [&hellip;]\" \/>\n<meta property=\"og:url\" content=\"https:\/\/bocafi.calanuri.com\/es\/politica-de-cookies\/\" \/>\n<meta property=\"og:site_name\" content=\"Restaurant Bocaf\u00ed d&#039;en Noguera\" \/>\n<meta property=\"article:modified_time\" content=\"2020-02-03T09:29:09+00:00\" \/>\n<meta name=\"twitter:card\" content=\"summary_large_image\" \/>\n<meta name=\"twitter:label1\" content=\"Escrito por\">\n\t<meta name=\"twitter:data1\" content=\"admin\">\n\t<meta name=\"twitter:label2\" content=\"Tiempo de lectura\">\n\t<meta name=\"twitter:data2\" content=\"3 minutos\">\n<script type=\"application\/ld+json\" class=\"yoast-schema-graph\">{\"@context\":\"https:\/\/schema.org\",\"@graph\":[{\"@type\":\"WebSite\",\"@id\":\"https:\/\/bocafi.calanuri.com\/es\/#website\",\"url\":\"https:\/\/bocafi.calanuri.com\/es\/\",\"name\":\"Restaurant Bocaf\\u00ed d&#039;en Noguera\",\"description\":\"Grup Ca la Nuri\",\"potentialAction\":[{\"@type\":\"SearchAction\",\"target\":\"https:\/\/bocafi.calanuri.com\/es\/?s={search_term_string}\",\"query-input\":\"required name=search_term_string\"}],\"inLanguage\":\"es\"},{\"@type\":\"WebPage\",\"@id\":\"https:\/\/bocafi.calanuri.com\/es\/politica-de-cookies\/#webpage\",\"url\":\"https:\/\/bocafi.calanuri.com\/es\/politica-de-cookies\/\",\"name\":\"Pol\\u00edtica de Cookies - Restaurant Bocaf\\u00ed d&#039;en Noguera\",\"isPartOf\":{\"@id\":\"https:\/\/bocafi.calanuri.com\/es\/#website\"},\"datePublished\":\"2020-02-03T09:12:16+00:00\",\"dateModified\":\"2020-02-03T09:29:09+00:00\",\"inLanguage\":\"es\",\"potentialAction\":[{\"@type\":\"ReadAction\",\"target\":[\"https:\/\/bocafi.calanuri.com\/es\/politica-de-cookies\/\"]}]}]}<\/script>\n<!-- \/ Yoast SEO plugin. -->","_links":{"self":[{"href":"https:\/\/bocafi.calanuri.com\/es\/wp-json\/wp\/v2\/pages\/1205"}],"collection":[{"href":"https:\/\/bocafi.calanuri.com\/es\/wp-json\/wp\/v2\/pages"}],"about":[{"href":"https:\/\/bocafi.calanuri.com\/es\/wp-json\/wp\/v2\/types\/page"}],"author":[{"embeddable":true,"href":"https:\/\/bocafi.calanuri.com\/es\/wp-json\/wp\/v2\/users\/1"}],"replies":[{"embeddable":true,"href":"https:\/\/bocafi.calanuri.com\/es\/wp-json\/wp\/v2\/comments?post=1205"}],"version-history":[{"count":2,"href":"https:\/\/bocafi.calanuri.com\/es\/wp-json\/wp\/v2\/pages\/1205\/revisions"}],"predecessor-version":[{"id":1218,"href":"https:\/\/bocafi.calanuri.com\/es\/wp-json\/wp\/v2\/pages\/1205\/revisions\/1218"}],"wp:attachment":[{"href":"https:\/\/bocafi.calanuri.com\/es\/wp-json\/wp\/v2\/media?parent=1205"}],"curies":[{"name":"wp","href":"https:\/\/api.w.org\/{rel}","templated":true}]}}